{"id":195,"date":"2025-09-28T12:14:53","date_gmt":"2025-09-28T12:14:53","guid":{"rendered":"https:\/\/freerec.ch\/wp\/?page_id=195"},"modified":"2026-03-30T14:21:55","modified_gmt":"2026-03-30T14:21:55","slug":"studio","status":"publish","type":"page","link":"https:\/\/freerec.ch\/wp\/studio\/","title":{"rendered":"Studio"},"content":{"rendered":"\n<p><\/p>\n\n\n\n<p><iframe loading=\"lazy\" title=\"LUMBERJACK - by Andrea Tonni\" width=\"640\" height=\"360\" src=\"https:\/\/www.youtube.com\/embed\/xbWm-xWxvFQ?feature=oembed\" frameborder=\"0\" allow=\"accelerometer; autoplay; clipboard-write; encrypted-media; gyroscope; picture-in-picture; web-share\" referrerpolicy=\"strict-origin-when-cross-origin\" allowfullscreen><\/iframe><\/p>\n\n\n\n<p><\/p>\n\n\n\n<p>Lumberjack zeigt, was freeREC ausmacht: eine Kreativwerkstatt, in der Klang nicht produziert, sondern geformt wird.<br>Hier begegnen sich MusikerInnen, die ihre Instrumente lieben und den Mut zur authentischen Musik haben.<\/p>\n\n\n\n<p><strong>freeREC verbindet Studioarbeit mit der Live Musik Szene in Basel \u2013 mit Formaten wie <a href=\"https:\/\/freerec.ch\/wp\/live-musik-basel\/\" data-type=\"page\" data-id=\"294\">Midweek Live im Cello Club<\/a> oder <a href=\"https:\/\/freerec.ch\/wp\/live-musik-umgebung\/\" data-type=\"page\" data-id=\"390\">freeREC Night in der Wydekantine<\/a> Dornach wird aus Produktion unmittelbare Begegnung.<\/strong><\/p>\n\n\n\n<p>freeREC ist kein Ort f\u00fcr schnelle Aufnahmen, sondern f\u00fcr tiefe Sch\u00f6pfung \u2013 ein Raum, in dem aus Stille Musik wird.<\/p>\n\n\n\n<p><\/p>\n","protected":false},"excerpt":{"rendered":"<p>Lumberjack zeigt, was freeREC ausmacht: eine Kreativwerkstatt, in der Klang nicht produziert, sondern geformt wird.Hier begegnen sich MusikerInnen, die ihre [&hellip;]<\/p>\n","protected":false},"author":1,"featured_media":0,"parent":0,"menu_order":0,"comment_status":"closed","ping_status":"closed","template":"","meta":{"footnotes":""},"class_list":["post-195","page","type-page","status-publish","hentry"],"_links":{"self":[{"href":"https:\/\/freerec.ch\/wp\/wp-json\/wp\/v2\/pages\/195","targetHints":{"allow":["GET"]}}],"collection":[{"href":"https:\/\/freerec.ch\/wp\/wp-json\/wp\/v2\/pages"}],"about":[{"href":"https:\/\/freerec.ch\/wp\/wp-json\/wp\/v2\/types\/page"}],"author":[{"embeddable":true,"href":"https:\/\/freerec.ch\/wp\/wp-json\/wp\/v2\/users\/1"}],"replies":[{"embeddable":true,"href":"https:\/\/freerec.ch\/wp\/wp-json\/wp\/v2\/comments?post=195"}],"version-history":[{"count":1,"href":"https:\/\/freerec.ch\/wp\/wp-json\/wp\/v2\/pages\/195\/revisions"}],"predecessor-version":[{"id":422,"href":"https:\/\/freerec.ch\/wp\/wp-json\/wp\/v2\/pages\/195\/revisions\/422"}],"wp:attachment":[{"href":"https:\/\/freerec.ch\/wp\/wp-json\/wp\/v2\/media?parent=195"}],"curies":[{"name":"wp","href":"https:\/\/api.w.org\/{rel}","templated":true}]}}